{"id":201,"date":"2024-08-19T20:52:21","date_gmt":"2024-08-19T18:52:21","guid":{"rendered":"http:\/\/gp-livreauto.fr\/?page_id=201"},"modified":"2024-08-19T20:52:21","modified_gmt":"2024-08-19T18:52:21","slug":"en-piste-2023-le-grand-prix-de-monaco-lage-dor-1950-1965","status":"publish","type":"page","link":"https:\/\/gp-livreauto.fr\/index.php\/en-piste-2023-le-grand-prix-de-monaco-lage-dor-1950-1965\/","title":{"rendered":"En piste\u00a02023 : Le Grand Prix de Monaco, l\u2019\u00c2ge d\u2019Or 1950 &#8211; 1965"},"content":{"rendered":"\n<figure class=\"wp-block-image alignfull size-full\"><img loading=\"lazy\" decoding=\"async\" width=\"1024\" height=\"680\" src=\"http:\/\/gp-livreauto.fr\/wp-content\/uploads\/2024\/08\/En-piste-le-grand-prix-de-monaco-age-or-2023-GPLAM-2023.jpg\" alt=\"En piste \u00bb, Le Grand Prix litt\u00e9raire de la comp\u00e9tition m\u00e9canique 2023\" class=\"wp-image-202\" srcset=\"https:\/\/gp-livreauto.fr\/wp-content\/uploads\/2024\/08\/En-piste-le-grand-prix-de-monaco-age-or-2023-GPLAM-2023.jpg 1024w, https:\/\/gp-livreauto.fr\/wp-content\/uploads\/2024\/08\/En-piste-le-grand-prix-de-monaco-age-or-2023-GPLAM-2023-300x199.jpg 300w, https:\/\/gp-livreauto.fr\/wp-content\/uploads\/2024\/08\/En-piste-le-grand-prix-de-monaco-age-or-2023-GPLAM-2023-768x510.jpg 768w\" sizes=\"auto, (max-width: 1024px) 100vw, 1024px\" \/><\/figure>\n\n\n\n<p>\u00ab\u00a0En piste\u00a0\u00bb, Le \u00ab Grand Prix litt\u00e9raire de la comp\u00e9tition m\u00e9canique \u00bb a \u00e9t\u00e9 attribu\u00e9 \u00e0 :<\/p>\n\n\n\n<p>\u00ab<a href=\"https:\/\/www.glenat.com\/auto-moto-transports\/grand-prix-de-monaco-9782344059890\">Le Grand Prix de Monaco, l\u2019\u00c2ge d\u2019Or 1950 &#8211; 1965<\/a>\u00bb d\u2019Edward Quinn (+) aux \u00e9ditions <a href=\"https:\/\/www.glenat.com\/\">Gl\u00e9nat <\/a>(240 pages, 240 x 320 mm pour 54,95 euros).<\/p>\n\n\n\n<p>Une premi\u00e8re, le travail d\u2019Edward Quinn est r\u00e9uni. Le Grand Prix de Monaco est pr\u00e9sent\u00e9 sans glissi\u00e8res de s\u00e9curit\u00e9 ni zones de d\u00e9gagement, sans affiches publicitaires ni logos de sponsors. Serge Cordey y apporte sa part d\u2019anecdotes. Le lecteur est litt\u00e9ralement happ\u00e9 par ces clich\u00e9s d\u2019un autre \u00e2ge et s\u2019offre un voyage dans le temps. Une plong\u00e9e dans un univers r\u00e9volu qui s\u00e9duira tous les amateurs d\u2019automobiles et pas uniquement les passionn\u00e9s d\u2019anciennes.<\/p>\n\n\n\n<figure class=\"wp-block-image aligncenter size-large\"><img loading=\"lazy\" decoding=\"async\" width=\"1024\" height=\"669\" src=\"http:\/\/gp-livreauto.fr\/wp-content\/uploads\/2024\/08\/extrait-GP-Monaco-1024x669.png\" alt=\"Extraits \u00abLe Grand Prix de Monaco, l\u2019\u00c2ge d\u2019Or 1950 - 1965\u00bb d\u2019Edward Quinn \" class=\"wp-image-203\" srcset=\"https:\/\/gp-livreauto.fr\/wp-content\/uploads\/2024\/08\/extrait-GP-Monaco-1024x669.png 1024w, https:\/\/gp-livreauto.fr\/wp-content\/uploads\/2024\/08\/extrait-GP-Monaco-300x196.png 300w, https:\/\/gp-livreauto.fr\/wp-content\/uploads\/2024\/08\/extrait-GP-Monaco-768x501.png 768w, https:\/\/gp-livreauto.fr\/wp-content\/uploads\/2024\/08\/extrait-GP-Monaco.png 1066w\" sizes=\"auto, (max-width: 1024px) 100vw, 1024px\" \/><\/figure>\n","protected":false},"excerpt":{"rendered":"<p>\u00ab\u00a0En piste\u00a0\u00bb, Le \u00ab Grand Prix litt\u00e9raire de la comp\u00e9tition m\u00e9canique \u00bb a \u00e9t\u00e9 attribu\u00e9 \u00e0 : \u00abLe Grand Prix de Monaco, l\u2019\u00c2ge d\u2019Or 1950 &#8211; 1965\u00bb d\u2019Edward Quinn (+) aux \u00e9ditions Gl\u00e9nat (240 pages, 240 x 320 mm pour 54,95 euros). Une premi\u00e8re, le travail d\u2019Edward Quinn est r\u00e9uni. Le Grand Prix de Monaco [&hellip;]<\/p>\n","protected":false},"author":1,"featured_media":0,"parent":0,"menu_order":0,"comment_status":"closed","ping_status":"closed","template":"","meta":{"footnotes":""},"class_list":["post-201","page","type-page","status-publish","hentry"],"_links":{"self":[{"href":"https:\/\/gp-livreauto.fr\/index.php\/wp-json\/wp\/v2\/pages\/201","targetHints":{"allow":["GET"]}}],"collection":[{"href":"https:\/\/gp-livreauto.fr\/index.php\/wp-json\/wp\/v2\/pages"}],"about":[{"href":"https:\/\/gp-livreauto.fr\/index.php\/wp-json\/wp\/v2\/types\/page"}],"author":[{"embeddable":true,"href":"https:\/\/gp-livreauto.fr\/index.php\/wp-json\/wp\/v2\/users\/1"}],"replies":[{"embeddable":true,"href":"https:\/\/gp-livreauto.fr\/index.php\/wp-json\/wp\/v2\/comments?post=201"}],"version-history":[{"count":1,"href":"https:\/\/gp-livreauto.fr\/index.php\/wp-json\/wp\/v2\/pages\/201\/revisions"}],"predecessor-version":[{"id":204,"href":"https:\/\/gp-livreauto.fr\/index.php\/wp-json\/wp\/v2\/pages\/201\/revisions\/204"}],"wp:attachment":[{"href":"https:\/\/gp-livreauto.fr\/index.php\/wp-json\/wp\/v2\/media?parent=201"}],"curies":[{"name":"wp","href":"https:\/\/api.w.org\/{rel}","templated":true}]}}