{"id":193,"date":"2024-08-18T22:17:20","date_gmt":"2024-08-18T20:17:20","guid":{"rendered":"https:\/\/gp-livreauto.fr\/?page_id=193"},"modified":"2024-08-18T22:17:20","modified_gmt":"2024-08-18T20:17:20","slug":"vaillante-une-marque-automobile-francaise-grand-prix-de-la-bande-dessinee-automobile","status":"publish","type":"page","link":"https:\/\/gp-livreauto.fr\/index.php\/vaillante-une-marque-automobile-francaise-grand-prix-de-la-bande-dessinee-automobile\/","title":{"rendered":"Vaillante, une marque automobile fran\u00e7aise\u00a0: Grand Prix de la Bande Dessin\u00e9e Automobile"},"content":{"rendered":"\n<figure class=\"wp-block-image alignleft size-large\"><img loading=\"lazy\" decoding=\"async\" width=\"1024\" height=\"755\" src=\"http:\/\/gp-livreauto.fr\/wp-content\/uploads\/2023\/12\/Grand-Prix-de-la-BD-automobile-2023-1024x755.png\" alt=\"Grand Prix de la Bande Dessin\u00e9e Automobile 2023 Vaillante, une marque automobile fran\u00e7aise\" class=\"wp-image-134\" srcset=\"https:\/\/gp-livreauto.fr\/wp-content\/uploads\/2023\/12\/Grand-Prix-de-la-BD-automobile-2023-1024x755.png 1024w, https:\/\/gp-livreauto.fr\/wp-content\/uploads\/2023\/12\/Grand-Prix-de-la-BD-automobile-2023-300x221.png 300w, https:\/\/gp-livreauto.fr\/wp-content\/uploads\/2023\/12\/Grand-Prix-de-la-BD-automobile-2023-768x566.png 768w, https:\/\/gp-livreauto.fr\/wp-content\/uploads\/2023\/12\/Grand-Prix-de-la-BD-automobile-2023-1536x1132.png 1536w, https:\/\/gp-livreauto.fr\/wp-content\/uploads\/2023\/12\/Grand-Prix-de-la-BD-automobile-2023-2048x1510.png 2048w\" sizes=\"auto, (max-width: 1024px) 100vw, 1024px\" \/><\/figure>\n\n\n\n<p><\/p>\n\n\n\n<p>Le \u00abGrand Prix de la Bande Dessin\u00e9e Automobile\u00bb r\u00e9compensant la bande dessin\u00e9e de l\u2019ann\u00e9e a \u00e9t\u00e9 attribu\u00e9 \u00e0 :<\/p>\n\n\n\n<p>\u00a0\u00ab<a href=\"https:\/\/www.michelvaillant.com\/les-actualites\/nouveau-vaillante-une-marque-automobile-francaise\">Vaillante, une marque automobile fran\u00e7aise\u00bb de St\u00e9phane Barb\u00e9<\/a> aux <a href=\"https:\/\/www.editionsdelamartiniere.fr\/\">\u00e9ditions de la Martini\u00e8re<\/a> et Michel Vaillant (256 pages, 240 x310 mm pour 39,90 euros).<\/p>\n\n\n\n<p>Pour plonger en 1957, Jean Graton imagine un personnage, le jeune pilote automobile Michel Vaillant. Le g\u00e9nie fut de ne pas cr\u00e9er uniquement un h\u00e9ros sportif de bande dessin\u00e9e mais de b\u00e2tir autour de lui tout un univers familial et automobile. Et c\u2019est cette marque au travers de son histoire et de ses mod\u00e8les que St\u00e9phane Barb\u00e9 nous fait red\u00e9couvrir au fil de magnifiques planches extraites des albums de Jean Graton.<\/p>\n","protected":false},"excerpt":{"rendered":"<p>Le \u00abGrand Prix de la Bande Dessin\u00e9e Automobile\u00bb r\u00e9compensant la bande dessin\u00e9e de l\u2019ann\u00e9e a \u00e9t\u00e9 attribu\u00e9 \u00e0 : \u00a0\u00abVaillante, une marque automobile fran\u00e7aise\u00bb de St\u00e9phane Barb\u00e9 aux \u00e9ditions de la Martini\u00e8re et Michel Vaillant (256 pages, 240 x310 mm pour 39,90 euros). Pour plonger en 1957, Jean Graton imagine un personnage, le jeune pilote [&hellip;]<\/p>\n","protected":false},"author":1,"featured_media":0,"parent":0,"menu_order":0,"comment_status":"closed","ping_status":"closed","template":"","meta":{"footnotes":""},"class_list":["post-193","page","type-page","status-publish","hentry"],"_links":{"self":[{"href":"https:\/\/gp-livreauto.fr\/index.php\/wp-json\/wp\/v2\/pages\/193","targetHints":{"allow":["GET"]}}],"collection":[{"href":"https:\/\/gp-livreauto.fr\/index.php\/wp-json\/wp\/v2\/pages"}],"about":[{"href":"https:\/\/gp-livreauto.fr\/index.php\/wp-json\/wp\/v2\/types\/page"}],"author":[{"embeddable":true,"href":"https:\/\/gp-livreauto.fr\/index.php\/wp-json\/wp\/v2\/users\/1"}],"replies":[{"embeddable":true,"href":"https:\/\/gp-livreauto.fr\/index.php\/wp-json\/wp\/v2\/comments?post=193"}],"version-history":[{"count":1,"href":"https:\/\/gp-livreauto.fr\/index.php\/wp-json\/wp\/v2\/pages\/193\/revisions"}],"predecessor-version":[{"id":194,"href":"https:\/\/gp-livreauto.fr\/index.php\/wp-json\/wp\/v2\/pages\/193\/revisions\/194"}],"wp:attachment":[{"href":"https:\/\/gp-livreauto.fr\/index.php\/wp-json\/wp\/v2\/media?parent=193"}],"curies":[{"name":"wp","href":"https:\/\/api.w.org\/{rel}","templated":true}]}}