{"id":189,"date":"2024-08-18T21:54:33","date_gmt":"2024-08-18T19:54:33","guid":{"rendered":"https:\/\/gp-livreauto.fr\/?page_id=189"},"modified":"2024-08-18T21:54:33","modified_gmt":"2024-08-18T19:54:33","slug":"style-renault-lere-gaston-juchet-grand-prix-historique-du-livre-automobile-et-des-mobilites-2023","status":"publish","type":"page","link":"https:\/\/gp-livreauto.fr\/index.php\/style-renault-lere-gaston-juchet-grand-prix-historique-du-livre-automobile-et-des-mobilites-2023\/","title":{"rendered":"Style Renault, l\u2019\u00e8re Gaston Juchet\u00a0: Grand Prix Historique du Livre Automobile et des mobilit\u00e9s 2023"},"content":{"rendered":"\n<figure class=\"wp-block-image alignfull size-full\"><img loading=\"lazy\" decoding=\"async\" width=\"720\" height=\"960\" src=\"http:\/\/gp-livreauto.fr\/wp-content\/uploads\/2024\/08\/GPLAM-Stule-Renault.jpg\" alt=\"\" class=\"wp-image-178\" srcset=\"https:\/\/gp-livreauto.fr\/wp-content\/uploads\/2024\/08\/GPLAM-Stule-Renault.jpg 720w, https:\/\/gp-livreauto.fr\/wp-content\/uploads\/2024\/08\/GPLAM-Stule-Renault-225x300.jpg 225w\" sizes=\"auto, (max-width: 720px) 100vw, 720px\" \/><\/figure>\n\n\n\n<p>Le \u00abGrand Prix Historique du Livre Automobile\u00bb r\u00e9compensant un ouvrage consacr\u00e9 \u00e0 l\u2019automobile ou la mobilit\u00e9 d\u2019hier a \u00e9t\u00e9 attribu\u00e9 \u00e0 :<\/p>\n\n\n\n<p>\u00a0\u00ab<a href=\"https:\/\/www.librairie-passionautomobile.com\/design-designers-carrossiers\/14425-style-renault-l-ere-gaston-juchet-1960-1987-9782955578087.html\">Style Renault, l\u2019\u00e8re Gaston Juchet (1960 &#8211; 1987)<\/a>\u00bb de Christophe Bonnaud aux <a href=\"https:\/\/www.bjbeditions.com\/\">\u00e9ditions BJB<\/a> (208 pages, 280 x 240 mm, 340 photos dont 160 in\u00e9dites pour 69,00 euros).<\/p>\n\n\n\n<p>Pour la mise en valeurs des calques, dessins et peintures exclusives de Gaston Juchet sous la plume experte de Christophe Bonnaud. Ces archives de la famille permettent de suivre l\u2019\u00e9volution du style Renault sur pr\u00e8s de 30 ans. Un ouvrage absolument unique pour tous les amateurs de design automobile.<\/p>\n\n\n\n<figure class=\"wp-block-image aligncenter size-full\"><img loading=\"lazy\" decoding=\"async\" width=\"720\" height=\"960\" src=\"http:\/\/gp-livreauto.fr\/wp-content\/uploads\/2024\/08\/GPLAM-2023-Prix-Historique-Retromobile-Paris.jpg\" alt=\"\" class=\"wp-image-177\" srcset=\"https:\/\/gp-livreauto.fr\/wp-content\/uploads\/2024\/08\/GPLAM-2023-Prix-Historique-Retromobile-Paris.jpg 720w, https:\/\/gp-livreauto.fr\/wp-content\/uploads\/2024\/08\/GPLAM-2023-Prix-Historique-Retromobile-Paris-225x300.jpg 225w\" sizes=\"auto, (max-width: 720px) 100vw, 720px\" \/><\/figure>\n\n\n\n<p><\/p>\n","protected":false},"excerpt":{"rendered":"<p>Le \u00abGrand Prix Historique du Livre Automobile\u00bb r\u00e9compensant un ouvrage consacr\u00e9 \u00e0 l\u2019automobile ou la mobilit\u00e9 d\u2019hier a \u00e9t\u00e9 attribu\u00e9 \u00e0 : \u00a0\u00abStyle Renault, l\u2019\u00e8re Gaston Juchet (1960 &#8211; 1987)\u00bb de Christophe Bonnaud aux \u00e9ditions BJB (208 pages, 280 x 240 mm, 340 photos dont 160 in\u00e9dites pour 69,00 euros). Pour la mise en valeurs [&hellip;]<\/p>\n","protected":false},"author":1,"featured_media":0,"parent":0,"menu_order":0,"comment_status":"closed","ping_status":"closed","template":"","meta":{"footnotes":""},"class_list":["post-189","page","type-page","status-publish","hentry"],"_links":{"self":[{"href":"https:\/\/gp-livreauto.fr\/index.php\/wp-json\/wp\/v2\/pages\/189","targetHints":{"allow":["GET"]}}],"collection":[{"href":"https:\/\/gp-livreauto.fr\/index.php\/wp-json\/wp\/v2\/pages"}],"about":[{"href":"https:\/\/gp-livreauto.fr\/index.php\/wp-json\/wp\/v2\/types\/page"}],"author":[{"embeddable":true,"href":"https:\/\/gp-livreauto.fr\/index.php\/wp-json\/wp\/v2\/users\/1"}],"replies":[{"embeddable":true,"href":"https:\/\/gp-livreauto.fr\/index.php\/wp-json\/wp\/v2\/comments?post=189"}],"version-history":[{"count":2,"href":"https:\/\/gp-livreauto.fr\/index.php\/wp-json\/wp\/v2\/pages\/189\/revisions"}],"predecessor-version":[{"id":191,"href":"https:\/\/gp-livreauto.fr\/index.php\/wp-json\/wp\/v2\/pages\/189\/revisions\/191"}],"wp:attachment":[{"href":"https:\/\/gp-livreauto.fr\/index.php\/wp-json\/wp\/v2\/media?parent=189"}],"curies":[{"name":"wp","href":"https:\/\/api.w.org\/{rel}","templated":true}]}}