{"id":110,"date":"2023-11-26T23:14:01","date_gmt":"2023-11-26T22:14:01","guid":{"rendered":"http:\/\/gp-livreauto.fr\/?page_id=110"},"modified":"2023-12-15T21:04:20","modified_gmt":"2023-12-15T20:04:20","slug":"grand-prix-du-livre-automobile-et-des-mobilites-2","status":"publish","type":"page","link":"https:\/\/gp-livreauto.fr\/index.php\/grand-prix-du-livre-automobile-et-des-mobilites-2\/","title":{"rendered":"Grand Prix du Livre Automobile et des Mobilit\u00e9s"},"content":{"rendered":"\n<figure class=\"wp-block-image aligncenter size-large\"><img loading=\"lazy\" decoding=\"async\" width=\"853\" height=\"853\" src=\"http:\/\/gp-livreauto.fr\/wp-content\/uploads\/2023\/11\/ouvrages-selectionnes-grand-prix-du-livre-automobile-et-des-mobilites-edited.jpg\" alt=\"\" class=\"wp-image-119\" srcset=\"https:\/\/gp-livreauto.fr\/wp-content\/uploads\/2023\/11\/ouvrages-selectionnes-grand-prix-du-livre-automobile-et-des-mobilites-edited.jpg 853w, https:\/\/gp-livreauto.fr\/wp-content\/uploads\/2023\/11\/ouvrages-selectionnes-grand-prix-du-livre-automobile-et-des-mobilites-edited-300x300.jpg 300w, https:\/\/gp-livreauto.fr\/wp-content\/uploads\/2023\/11\/ouvrages-selectionnes-grand-prix-du-livre-automobile-et-des-mobilites-edited-150x150.jpg 150w, https:\/\/gp-livreauto.fr\/wp-content\/uploads\/2023\/11\/ouvrages-selectionnes-grand-prix-du-livre-automobile-et-des-mobilites-edited-768x768.jpg 768w\" sizes=\"auto, (max-width: 853px) 100vw, 853px\" \/><\/figure>\n\n\n\n<p class=\"has-text-align-center\"><\/p>\n\n\n\n<p><\/p>\n\n\n\n<p class=\"has-text-align-center\"><strong>Ouvrages en comp\u00e9tition<\/strong><\/p>\n\n\n\n<p class=\"has-text-align-center\">2023<\/p>\n\n\n\n<p><\/p>\n\n\n\n<p><\/p>\n\n\n\n<p><\/p>\n\n\n\n<p class=\"has-text-align-center\"><a href=\"https:\/\/www.alifeinrangerover.com\/\">A Life In Range Rover, Une Vie en Range Rover de Fran\u00e7ois BOUET&nbsp;<\/a><\/p>\n\n\n\n<p class=\"has-text-align-center\"><a href=\"https:\/\/www.glenat.com\/le-verre-et-lassiette\/michel-chabran-cuisine-et-nationale-7-9782344058848\">Cuisine et N7 de Michel CHABRAN&nbsp;<\/a><\/p>\n\n\n\n<p class=\"has-text-align-center\"><a href=\"https:\/\/www.lisez.com\/livre-cartonne\/cafe-velo-20-lieux-emblematiques-de-la-culture-cycliste-a-travers-le-monde-tour-du-monde-des-cafes-cultes-panorama-de-la-culture-velo-et-itineraires\/9791030104868\">Caf\u00e9 V\u00e9lo de Laurent BELANDO et Julien SOMMIER&nbsp;<\/a><\/p>\n\n\n\n<p class=\"has-text-align-center\"><a href=\"https:\/\/www.editionsepa.fr\/produit\/463\/9782376714453\/ces-voitures-qui-nous-racontent-une-histoire-de-france\">Ces voitures qui nous racontent une histoire de France de Jean-Michel NORMAND&nbsp;<\/a><\/p>\n\n\n\n<p class=\"has-text-align-center\"><a href=\"https:\/\/citrovisie.nl\/fr\/products\/citroen-c15\">Citro\u00ebn C15, les chevrons utiles de Mathieu TUREL&nbsp;<\/a><\/p>\n\n\n\n<p class=\"has-text-align-center\"><a href=\"https:\/\/www.lisez.com\/livre-grand-format\/voitures-fake-or-not-concilier-mobilite-et-neutralite-carbone-sans-fake-news-moteur-electrique-vs-moteur-thermique-transition-energetique-dependance-a-la-voiture-individuelle\/9791030104806\">Voitures de Aur\u00e9lien BIGO&nbsp;<\/a><\/p>\n\n\n\n<p class=\"has-text-align-center\"><a href=\"https:\/\/www.seuiljeunesse.com\/ouvrage\/moteur-bruno-gibert\/9791023517736\">Moteur&nbsp;! de Bruno GIBERT et Delphine CHEDRU<\/a><\/p>\n\n\n\n<p class=\"has-text-align-center\"><a href=\"https:\/\/redrunner.fr\/produit\/voyage-en-zone-rouge-vol-2\/\">Honda Zone rouge vol 2 de Lionel LUCAS<\/a><\/p>\n\n\n\n<p class=\"has-text-align-center\"><a href=\"https:\/\/www.editionslitos.fr\/product\/129668\/voiture-electrique-ils-sont-devenus-fous\/\">Voiture \u00e9lectrique&nbsp;: Ils sont devenus FOUS ! de Fran\u00e7ois-Xavier PIETRI&nbsp;<\/a><\/p>\n\n\n\n<p class=\"has-text-align-center\"><a href=\"https:\/\/www.editionsepa.fr\/produit\/460\/9782376714446\/voitures-stars\">Voitures stars pr\u00e9sent\u00e9es par Movie Cars Central de Franck GALIEGUE<\/a><\/p>\n\n\n\n<p class=\"has-text-align-center\"><a href=\"https:\/\/www.lamanufacturelibrisphaera.com\/store\/products\/requiemmecaniques\">Requiem m\u00e9caniques de Juan-Peter SEDONA&nbsp;<\/a><\/p>\n\n\n\n<p class=\"has-text-align-center\"><a href=\"https:\/\/www.sophia-editions.com\/autofocus\/5890-renault-l-innovation-en-mouvement-9782385140168.html\">Renault Innovation en mouvement de Aur\u00e9lien GUELDRY<\/a><\/p>\n\n\n\n<p class=\"has-text-align-center\"><a href=\"https:\/\/www.sophia-editions.com\/passion\/5906-generation-60-en-60-voitures-9782385140397.html\">G\u00e9n\u00e9ration 60 en 60 voitures de Patrice VERGES<\/a><\/p>\n\n\n\n<p class=\"has-text-align-center\"><a href=\"https:\/\/www.sophia-editions.com\/passion\/5898-50-voitures-de-cinema-9782385140311.html\">50 voitures de cin\u00e9ma de Jean-Fran\u00e7ois RIVIERE<\/a><\/p>\n\n\n\n<p class=\"has-text-align-center\"><a href=\"https:\/\/www.sophia-editions.com\/autofocus\/5873-audi-tt-trois-generations-une-icone-9782385140076.html\">Audi TT 3 g\u00e9n\u00e9rations une ic\u00f4ne de Xavier CHAUVIN<\/a><\/p>\n\n\n\n<p class=\"has-text-align-center\"><a href=\"https:\/\/www.sophia-editions.com\/sport-automobile\/5918-tour-auto-2023-9782385140441.html\">Le Tour Auto 2023 de Yves BEY-ROZET et Mathieu BONNEVIE<\/a><\/p>\n\n\n\n<p class=\"has-text-align-center\"><a href=\"https:\/\/www.la-boutique.com\/produit\/style-renault-lere-gaston-juchet-1960-1987\/\" data-type=\"link\" data-id=\"https:\/\/www.la-boutique.com\/produit\/style-renault-lere-gaston-juchet-1960-1987\/\">Style Renault L\u2019Ere Gaston Juchet de Christophe BONNAUD<\/a><\/p>\n\n\n\n<p class=\"has-text-align-center\"><a href=\"https:\/\/www.glenat.com\/auto-moto-transports\/grand-prix-de-monaco-9782344059890\">Le Grand Prix de Monaco, l\u2019Age d\u2019Or 1950-1965 d\u2019Edward QUINN<\/a><\/p>\n\n\n\n<p class=\"has-text-align-center\"><a href=\"https:\/\/www.glenat.com\/auto-moto-transports\/lamborghini-lalchimie-du-style-et-de-la-performance-9782344060001\">Lamborghini, l\u2019alchimie de la performance de Gautam SEN, Makarand BAOKAR, Kaare BYBERG, Branko RADOVINOVIC<\/a><\/p>\n\n\n\n<p class=\"has-text-align-center\"><a href=\"https:\/\/www.glenat.com\/auto-moto-transports\/porsche-icones-9782344059562\">Porsche Ic\u00f4nes de Ren\u00e9 STAUD<\/a><\/p>\n\n\n\n<p class=\"has-text-align-center\"><a href=\"https:\/\/www.glenat.com\/auto-moto-transports\/supercars-9782344060056\">Supercars, 200 voitures d\u2019exception de 1980 \u00e0 nos jours de Serge BELLU<\/a><\/p>\n\n\n\n<p class=\"has-text-align-center\"><a href=\"https:\/\/www.editionsdelamartiniere.fr\/livres\/vaillante\">Vaillante, une marque automobile fran\u00e7aise de St\u00e9phane BARBE<\/a><\/p>\n\n\n\n<p class=\"has-text-align-center\"><a href=\"https:\/\/boutique.petitfute.com\/guide-des-vehicules-de-collection-2023-2024.html\">Guide des v\u00e9hicules de collection Le Petit F\u00fbt\u00e9<\/a><\/p>\n\n\n\n<p class=\"has-text-align-center\"><a href=\"https:\/\/www.hugopublishing.fr\/produits\/voitures-dexception-3\/\">Voitures d\u2019exception de Nicolas MEUNIER<\/a><\/p>\n\n\n\n<p class=\"has-text-align-center\"><a href=\"https:\/\/www.sophia-editions.com\/americaines\/5883-tesla-9782385140144.html?search_query=tesla&amp;results=3\">Tesla, l\u2019aventure a commenc\u00e9 de Franck O. HRACHOWY<\/a><\/p>\n\n\n\n<p class=\"has-text-align-center\"><a href=\"https:\/\/www.editions-harmattan.fr\/livre-course_infernale_roman_alain_mila-9782384175727-74513.html\">Course infernale de Alain MILA<\/a><\/p>\n\n\n\n<p class=\"has-text-align-center\"><a href=\"https:\/\/t3.fr\/T3boutique-\/le-code-de-l-aventure\/\">Le code de l\u2019aventure de \u00c9ric MASSIE<\/a><\/p>\n\n\n\n<p class=\"has-text-align-center\"><a href=\"https:\/\/ideesplus.fr\/produit\/ramdam-a-taxis-paname\/\" data-type=\"link\" data-id=\"https:\/\/ideesplus.fr\/produit\/ramdam-a-taxis-paname\/\">Ramdam \u00e0 Taxi Paname de Jean-Paul TIBERI et Alain JULIE<\/a><\/p>\n\n\n\n<p class=\"has-text-align-center\"><a href=\"https:\/\/www.editions-larousse.fr\/livre\/laventure-automobile-en-france-9782036054646\">L&rsquo;aventure automobile en France de Christian CHOUPIN<\/a><\/p>\n\n\n\n<p class=\"has-text-align-center\">60 ans, La remise de Yves JOUANNY<\/p>\n","protected":false},"excerpt":{"rendered":"<p>Ouvrages en comp\u00e9tition 2023 A Life In Range Rover, Une Vie en Range Rover de Fran\u00e7ois BOUET&nbsp; Cuisine et N7 de Michel CHABRAN&nbsp; Caf\u00e9 V\u00e9lo de Laurent BELANDO et Julien SOMMIER&nbsp; Ces voitures qui nous racontent une histoire de France de Jean-Michel NORMAND&nbsp; Citro\u00ebn C15, les chevrons utiles de Mathieu TUREL&nbsp; Voitures de Aur\u00e9lien BIGO&nbsp; [&hellip;]<\/p>\n","protected":false},"author":1,"featured_media":0,"parent":0,"menu_order":0,"comment_status":"closed","ping_status":"closed","template":"","meta":{"footnotes":""},"class_list":["post-110","page","type-page","status-publish","hentry"],"_links":{"self":[{"href":"https:\/\/gp-livreauto.fr\/index.php\/wp-json\/wp\/v2\/pages\/110","targetHints":{"allow":["GET"]}}],"collection":[{"href":"https:\/\/gp-livreauto.fr\/index.php\/wp-json\/wp\/v2\/pages"}],"about":[{"href":"https:\/\/gp-livreauto.fr\/index.php\/wp-json\/wp\/v2\/types\/page"}],"author":[{"embeddable":true,"href":"https:\/\/gp-livreauto.fr\/index.php\/wp-json\/wp\/v2\/users\/1"}],"replies":[{"embeddable":true,"href":"https:\/\/gp-livreauto.fr\/index.php\/wp-json\/wp\/v2\/comments?post=110"}],"version-history":[{"count":10,"href":"https:\/\/gp-livreauto.fr\/index.php\/wp-json\/wp\/v2\/pages\/110\/revisions"}],"predecessor-version":[{"id":128,"href":"https:\/\/gp-livreauto.fr\/index.php\/wp-json\/wp\/v2\/pages\/110\/revisions\/128"}],"wp:attachment":[{"href":"https:\/\/gp-livreauto.fr\/index.php\/wp-json\/wp\/v2\/media?parent=110"}],"curies":[{"name":"wp","href":"https:\/\/api.w.org\/{rel}","templated":true}]}}